{"id":1476,"date":"2023-09-20T16:52:07","date_gmt":"2023-09-20T14:52:07","guid":{"rendered":"https:\/\/ofjwp.wd33.fr\/voir-et-entendre\/"},"modified":"2025-10-14T14:31:35","modified_gmt":"2025-10-14T12:31:35","slug":"see-and-hear","status":"publish","type":"page","link":"https:\/\/ofjwp.wd33.fr\/en\/see-and-hear\/","title":{"rendered":"See &#038; hear"},"content":{"rendered":"\n\n\t\t<style type=\"text\/css\">\n\t\t\t#gallery-1 {\n\t\t\t\tmargin: auto;\n\t\t\t}\n\t\t\t#gallery-1 .gallery-item {\n\t\t\t\tfloat: left;\n\t\t\t\tmargin-top: 10px;\n\t\t\t\ttext-align: center;\n\t\t\t\twidth: 33%;\n\t\t\t}\n\t\t\t#gallery-1 img {\n\t\t\t\tborder: 2px solid #cfcfcf;\n\t\t\t}\n\t\t\t#gallery-1 .gallery-caption {\n\t\t\t\tmargin-left: 0;\n\t\t\t}\n\t\t\t\/* see gallery_shortcode() in wp-includes\/media.php *\/\n\t\t<\/style>\n\t\t<div id='gallery-1' class='gallery galleryid-1476 gallery-columns-3 gallery-size-thumbnail'><dl class='gallery-item'>\n\t\t\t<dt class='gallery-icon landscape'>\n\t\t\t\t<a href='https:\/\/ofjwp.wd33.fr\/en\/see-and-hear\/attachment\/img_8436-2\/'><img loading=\"lazy\" decoding=\"async\" width=\"150\" height=\"150\" src=\"https:\/\/ofjwp.wd33.fr\/wp-content\/uploads\/2023\/09\/IMG_8436-150x150.jpg\" class=\"attachment-thumbnail size-thumbnail\" alt=\"\" aria-describedby=\"gallery-1-1372\" \/><\/a>\n\t\t\t<\/dt>\n\t\t\t\t<dd class='wp-caption-text gallery-caption' id='gallery-1-1372'>\n\t\t\t\tCr\u00e9dit OFJ\n\t\t\t\t<\/dd><\/dl><dl class='gallery-item'>\n\t\t\t<dt class='gallery-icon landscape'>\n\t\t\t\t<a href='https:\/\/ofjwp.wd33.fr\/en\/see-and-hear\/attachment\/ofj-chapelle-copie-2\/'><img loading=\"lazy\" decoding=\"async\" width=\"150\" height=\"150\" src=\"https:\/\/ofjwp.wd33.fr\/wp-content\/uploads\/2023\/09\/ofj-chapelle-copie-150x150.jpg\" class=\"attachment-thumbnail size-thumbnail\" alt=\"\" aria-describedby=\"gallery-1-1370\" \/><\/a>\n\t\t\t<\/dt>\n\t\t\t\t<dd class='wp-caption-text gallery-caption' id='gallery-1-1370'>\n\t\t\t\tCr\u00e9dit Beno\u00eet Guillaume\n\t\t\t\t<\/dd><\/dl><dl class='gallery-item'>\n\t\t\t<dt class='gallery-icon landscape'>\n\t\t\t\t<a href='https:\/\/ofjwp.wd33.fr\/en\/see-and-hear\/attachment\/ofj-2023-10-2\/'><img loading=\"lazy\" decoding=\"async\" width=\"150\" height=\"150\" src=\"https:\/\/ofjwp.wd33.fr\/wp-content\/uploads\/2023\/09\/ofj-23-08-0096--150x150.jpg\" class=\"attachment-thumbnail size-thumbnail\" alt=\"\" aria-describedby=\"gallery-1-1369\" \/><\/a>\n\t\t\t<\/dt>\n\t\t\t\t<dd class='wp-caption-text gallery-caption' id='gallery-1-1369'>\n\t\t\t\tCr\u00e9dit Fr\u00e9d\u00e9ric Desmesure\n\t\t\t\t<\/dd><\/dl><br style=\"clear: both\" \/><dl class='gallery-item'>\n\t\t\t<dt class='gallery-icon portrait'>\n\t\t\t\t<a href='https:\/\/ofjwp.wd33.fr\/en\/see-and-hear\/attachment\/ofj-2023-9-2\/'><img loading=\"lazy\" decoding=\"async\" width=\"150\" height=\"150\" src=\"https:\/\/ofjwp.wd33.fr\/wp-content\/uploads\/2023\/09\/OFJ-10-11-Aout-257-150x150.jpg\" class=\"attachment-thumbnail size-thumbnail\" alt=\"\" aria-describedby=\"gallery-1-1368\" \/><\/a>\n\t\t\t<\/dt>\n\t\t\t\t<dd class='wp-caption-text gallery-caption' id='gallery-1-1368'>\n\t\t\t\tCr\u00e9dit Fr\u00e9d\u00e9ric Desmesure\n\t\t\t\t<\/dd><\/dl><dl class='gallery-item'>\n\t\t\t<dt class='gallery-icon landscape'>\n\t\t\t\t<a href='https:\/\/ofjwp.wd33.fr\/en\/see-and-hear\/attachment\/ofj-2023-8-2\/'><img loading=\"lazy\" decoding=\"async\" width=\"150\" height=\"150\" src=\"https:\/\/ofjwp.wd33.fr\/wp-content\/uploads\/2023\/09\/OFJ-10-11-Aout-219-150x150.jpg\" class=\"attachment-thumbnail size-thumbnail\" alt=\"\" aria-describedby=\"gallery-1-1367\" \/><\/a>\n\t\t\t<\/dt>\n\t\t\t\t<dd class='wp-caption-text gallery-caption' id='gallery-1-1367'>\n\t\t\t\tCr\u00e9dit Fr\u00e9d\u00e9ric Desmesure\n\t\t\t\t<\/dd><\/dl><dl class='gallery-item'>\n\t\t\t<dt class='gallery-icon portrait'>\n\t\t\t\t<a href='https:\/\/ofjwp.wd33.fr\/en\/see-and-hear\/attachment\/ofj-2023-7-2\/'><img loading=\"lazy\" decoding=\"async\" width=\"150\" height=\"150\" src=\"https:\/\/ofjwp.wd33.fr\/wp-content\/uploads\/2023\/09\/OFJ-10-11-Aout-202-150x150.jpg\" class=\"attachment-thumbnail size-thumbnail\" alt=\"\" aria-describedby=\"gallery-1-1366\" \/><\/a>\n\t\t\t<\/dt>\n\t\t\t\t<dd class='wp-caption-text gallery-caption' id='gallery-1-1366'>\n\t\t\t\tCr\u00e9dit Fr\u00e9d\u00e9ric Desmesure\n\t\t\t\t<\/dd><\/dl><br style=\"clear: both\" \/><dl class='gallery-item'>\n\t\t\t<dt class='gallery-icon landscape'>\n\t\t\t\t<a href='https:\/\/ofjwp.wd33.fr\/en\/see-and-hear\/attachment\/ofj-2023-6-2\/'><img loading=\"lazy\" decoding=\"async\" width=\"150\" height=\"150\" src=\"https:\/\/ofjwp.wd33.fr\/wp-content\/uploads\/2023\/09\/OFJ-10-11-Aout-129-150x150.jpg\" class=\"attachment-thumbnail size-thumbnail\" alt=\"\" aria-describedby=\"gallery-1-1365\" \/><\/a>\n\t\t\t<\/dt>\n\t\t\t\t<dd class='wp-caption-text gallery-caption' id='gallery-1-1365'>\n\t\t\t\tCr\u00e9dit Fr\u00e9d\u00e9ric Desmesure\n\t\t\t\t<\/dd><\/dl><dl class='gallery-item'>\n\t\t\t<dt class='gallery-icon landscape'>\n\t\t\t\t<a href='https:\/\/ofjwp.wd33.fr\/en\/see-and-hear\/attachment\/ofj-2023-5-2\/'><img loading=\"lazy\" decoding=\"async\" width=\"150\" height=\"150\" src=\"https:\/\/ofjwp.wd33.fr\/wp-content\/uploads\/2023\/09\/OFJ-10-11-Aout-104-150x150.jpg\" class=\"attachment-thumbnail size-thumbnail\" alt=\"\" aria-describedby=\"gallery-1-1364\" \/><\/a>\n\t\t\t<\/dt>\n\t\t\t\t<dd class='wp-caption-text gallery-caption' id='gallery-1-1364'>\n\t\t\t\tCr\u00e9dit Fr\u00e9d\u00e9ric Desmesure\n\t\t\t\t<\/dd><\/dl><dl class='gallery-item'>\n\t\t\t<dt class='gallery-icon landscape'>\n\t\t\t\t<a href='https:\/\/ofjwp.wd33.fr\/en\/see-and-hear\/attachment\/ofj-2023-4-2\/'><img loading=\"lazy\" decoding=\"async\" width=\"150\" height=\"150\" src=\"https:\/\/ofjwp.wd33.fr\/wp-content\/uploads\/2023\/09\/OFJ-10-11-Aout-092-150x150.jpg\" class=\"attachment-thumbnail size-thumbnail\" alt=\"\" aria-describedby=\"gallery-1-1363\" \/><\/a>\n\t\t\t<\/dt>\n\t\t\t\t<dd class='wp-caption-text gallery-caption' id='gallery-1-1363'>\n\t\t\t\tCr\u00e9dit Fr\u00e9d\u00e9ric Desmesure\n\t\t\t\t<\/dd><\/dl><br style=\"clear: both\" \/><dl class='gallery-item'>\n\t\t\t<dt class='gallery-icon landscape'>\n\t\t\t\t<a href='https:\/\/ofjwp.wd33.fr\/en\/see-and-hear\/attachment\/ofj-2023-3-2\/'><img loading=\"lazy\" decoding=\"async\" width=\"150\" height=\"150\" src=\"https:\/\/ofjwp.wd33.fr\/wp-content\/uploads\/2023\/09\/OFJ-10-11-Aout-043-150x150.jpg\" class=\"attachment-thumbnail size-thumbnail\" alt=\"\" aria-describedby=\"gallery-1-1362\" \/><\/a>\n\t\t\t<\/dt>\n\t\t\t\t<dd class='wp-caption-text gallery-caption' id='gallery-1-1362'>\n\t\t\t\tCr\u00e9dit Fr\u00e9d\u00e9ric Desmesure\n\t\t\t\t<\/dd><\/dl><dl class='gallery-item'>\n\t\t\t<dt class='gallery-icon landscape'>\n\t\t\t\t<a href='https:\/\/ofjwp.wd33.fr\/en\/see-and-hear\/attachment\/ofj-2023-2-2\/'><img loading=\"lazy\" decoding=\"async\" width=\"150\" height=\"150\" src=\"https:\/\/ofjwp.wd33.fr\/wp-content\/uploads\/2023\/09\/OFJ-10-11-Aout-002-150x150.jpg\" class=\"attachment-thumbnail size-thumbnail\" alt=\"\" aria-describedby=\"gallery-1-1361\" \/><\/a>\n\t\t\t<\/dt>\n\t\t\t\t<dd class='wp-caption-text gallery-caption' id='gallery-1-1361'>\n\t\t\t\tCr\u00e9dit Fr\u00e9d\u00e9ric Desmesure\n\t\t\t\t<\/dd><\/dl><dl class='gallery-item'>\n\t\t\t<dt class='gallery-icon portrait'>\n\t\t\t\t<a href='https:\/\/ofjwp.wd33.fr\/en\/see-and-hear\/attachment\/230814_15_flutistes_rb100259-2\/'><img loading=\"lazy\" decoding=\"async\" width=\"150\" height=\"150\" src=\"https:\/\/ofjwp.wd33.fr\/wp-content\/uploads\/2023\/09\/230814_15_FLUTISTES_RB100259-150x150.jpg\" class=\"attachment-thumbnail size-thumbnail\" alt=\"\" aria-describedby=\"gallery-1-1360\" \/><\/a>\n\t\t\t<\/dt>\n\t\t\t\t<dd class='wp-caption-text gallery-caption' id='gallery-1-1360'>\n\t\t\t\tCr\u00e9dit R\u00e9my Batteault\n\t\t\t\t<\/dd><\/dl><br style=\"clear: both\" \/>\n\t\t<\/div>\n\n","protected":false},"excerpt":{"rendered":"","protected":false},"author":1,"featured_media":4329,"parent":0,"menu_order":0,"comment_status":"closed","ping_status":"closed","template":"page-publique-voir.php","meta":{"_acf_changed":false,"inline_featured_image":false,"footnotes":""},"class_list":["post-1476","page","type-page","status-publish","has-post-thumbnail","hentry"],"acf":[],"yoast_head":"<!-- This site is optimized with the Yoast SEO plugin v27.3 - https:\/\/yoast.com\/product\/yoast-seo-wordpress\/ -->\n<title>See &amp; hear - OFJ<\/title>\n<meta name=\"robots\" content=\"index, follow, max-snippet:-1, max-image-preview:large, max-video-preview:-1\" \/>\n<link rel=\"canonical\" href=\"https:\/\/ofjwp.wd33.fr\/en\/see-and-hear\/\" \/>\n<meta property=\"og:locale\" content=\"en_US\" \/>\n<meta property=\"og:type\" content=\"article\" \/>\n<meta property=\"og:title\" content=\"See &amp; hear - OFJ\" \/>\n<meta property=\"og:url\" content=\"https:\/\/ofjwp.wd33.fr\/en\/see-and-hear\/\" \/>\n<meta property=\"og:site_name\" content=\"OFJ\" \/>\n<meta property=\"article:publisher\" content=\"https:\/\/www.facebook.com\/orchestrefrancaisdesjeunes\" \/>\n<meta property=\"article:modified_time\" content=\"2025-10-14T12:31:35+00:00\" \/>\n<meta property=\"og:image\" content=\"https:\/\/ofjwp.wd33.fr\/wp-content\/uploads\/2025\/05\/Photos-site-.png\" \/>\n\t<meta property=\"og:image:width\" content=\"2000\" \/>\n\t<meta property=\"og:image:height\" content=\"500\" \/>\n\t<meta property=\"og:image:type\" content=\"image\/png\" \/>\n<meta name=\"twitter:card\" content=\"summary_large_image\" \/>\n<meta name=\"twitter:label1\" content=\"Est. reading time\" \/>\n\t<meta name=\"twitter:data1\" content=\"2 minutes\" \/>\n<script type=\"application\/ld+json\" class=\"yoast-schema-graph\">{\"@context\":\"https:\\\/\\\/schema.org\",\"@graph\":[{\"@type\":\"WebPage\",\"@id\":\"https:\\\/\\\/ofjwp.wd33.fr\\\/en\\\/see-and-hear\\\/\",\"url\":\"https:\\\/\\\/ofjwp.wd33.fr\\\/en\\\/see-and-hear\\\/\",\"name\":\"See & hear - OFJ\",\"isPartOf\":{\"@id\":\"https:\\\/\\\/ofjwp.wd33.fr\\\/en\\\/#website\"},\"primaryImageOfPage\":{\"@id\":\"https:\\\/\\\/ofjwp.wd33.fr\\\/en\\\/see-and-hear\\\/#primaryimage\"},\"image\":{\"@id\":\"https:\\\/\\\/ofjwp.wd33.fr\\\/en\\\/see-and-hear\\\/#primaryimage\"},\"thumbnailUrl\":\"https:\\\/\\\/ofjwp.wd33.fr\\\/wp-content\\\/uploads\\\/2025\\\/05\\\/Photos-site-.png\",\"datePublished\":\"2023-09-20T14:52:07+00:00\",\"dateModified\":\"2025-10-14T12:31:35+00:00\",\"breadcrumb\":{\"@id\":\"https:\\\/\\\/ofjwp.wd33.fr\\\/en\\\/see-and-hear\\\/#breadcrumb\"},\"inLanguage\":\"en-US\",\"potentialAction\":[{\"@type\":\"ReadAction\",\"target\":[\"https:\\\/\\\/ofjwp.wd33.fr\\\/en\\\/see-and-hear\\\/\"]}]},{\"@type\":\"ImageObject\",\"inLanguage\":\"en-US\",\"@id\":\"https:\\\/\\\/ofjwp.wd33.fr\\\/en\\\/see-and-hear\\\/#primaryimage\",\"url\":\"https:\\\/\\\/ofjwp.wd33.fr\\\/wp-content\\\/uploads\\\/2025\\\/05\\\/Photos-site-.png\",\"contentUrl\":\"https:\\\/\\\/ofjwp.wd33.fr\\\/wp-content\\\/uploads\\\/2025\\\/05\\\/Photos-site-.png\",\"width\":2000,\"height\":500},{\"@type\":\"BreadcrumbList\",\"@id\":\"https:\\\/\\\/ofjwp.wd33.fr\\\/en\\\/see-and-hear\\\/#breadcrumb\",\"itemListElement\":[{\"@type\":\"ListItem\",\"position\":1,\"name\":\"Accueil\",\"item\":\"https:\\\/\\\/ofjwp.wd33.fr\\\/en\\\/accueil\\\/\"},{\"@type\":\"ListItem\",\"position\":2,\"name\":\"See &#038; hear\"}]},{\"@type\":\"WebSite\",\"@id\":\"https:\\\/\\\/ofjwp.wd33.fr\\\/en\\\/#website\",\"url\":\"https:\\\/\\\/ofjwp.wd33.fr\\\/en\\\/\",\"name\":\"OFJ\",\"description\":\"\",\"publisher\":{\"@id\":\"https:\\\/\\\/ofjwp.wd33.fr\\\/en\\\/#organization\"},\"potentialAction\":[{\"@type\":\"SearchAction\",\"target\":{\"@type\":\"EntryPoint\",\"urlTemplate\":\"https:\\\/\\\/ofjwp.wd33.fr\\\/en\\\/?s={search_term_string}\"},\"query-input\":{\"@type\":\"PropertyValueSpecification\",\"valueRequired\":true,\"valueName\":\"search_term_string\"}}],\"inLanguage\":\"en-US\"},{\"@type\":\"Organization\",\"@id\":\"https:\\\/\\\/ofjwp.wd33.fr\\\/en\\\/#organization\",\"name\":\"Orchestre fran\u00e7ais des jeunes\",\"alternateName\":\"OFJ\",\"url\":\"https:\\\/\\\/ofjwp.wd33.fr\\\/en\\\/\",\"logo\":{\"@type\":\"ImageObject\",\"inLanguage\":\"en-US\",\"@id\":\"https:\\\/\\\/ofjwp.wd33.fr\\\/en\\\/#\\\/schema\\\/logo\\\/image\\\/\",\"url\":\"https:\\\/\\\/ofjwp.wd33.fr\\\/wp-content\\\/uploads\\\/2026\\\/01\\\/LOGO_OFJ_RVB.svg\",\"contentUrl\":\"https:\\\/\\\/ofjwp.wd33.fr\\\/wp-content\\\/uploads\\\/2026\\\/01\\\/LOGO_OFJ_RVB.svg\",\"caption\":\"Orchestre fran\u00e7ais des jeunes\"},\"image\":{\"@id\":\"https:\\\/\\\/ofjwp.wd33.fr\\\/en\\\/#\\\/schema\\\/logo\\\/image\\\/\"},\"sameAs\":[\"https:\\\/\\\/www.facebook.com\\\/orchestrefrancaisdesjeunes\",\"https:\\\/\\\/www.instagram.com\\\/orchestrefrancaisdesjeunes\\\/?hl=fr\"]}]}<\/script>\n<!-- \/ Yoast SEO plugin. -->","yoast_head_json":{"title":"See & hear - OFJ","robots":{"index":"index","follow":"follow","max-snippet":"max-snippet:-1","max-image-preview":"max-image-preview:large","max-video-preview":"max-video-preview:-1"},"canonical":"https:\/\/ofjwp.wd33.fr\/en\/see-and-hear\/","og_locale":"en_US","og_type":"article","og_title":"See & hear - OFJ","og_url":"https:\/\/ofjwp.wd33.fr\/en\/see-and-hear\/","og_site_name":"OFJ","article_publisher":"https:\/\/www.facebook.com\/orchestrefrancaisdesjeunes","article_modified_time":"2025-10-14T12:31:35+00:00","og_image":[{"width":2000,"height":500,"url":"https:\/\/ofjwp.wd33.fr\/wp-content\/uploads\/2025\/05\/Photos-site-.png","type":"image\/png"}],"twitter_card":"summary_large_image","twitter_misc":{"Est. reading time":"2 minutes"},"schema":{"@context":"https:\/\/schema.org","@graph":[{"@type":"WebPage","@id":"https:\/\/ofjwp.wd33.fr\/en\/see-and-hear\/","url":"https:\/\/ofjwp.wd33.fr\/en\/see-and-hear\/","name":"See & hear - OFJ","isPartOf":{"@id":"https:\/\/ofjwp.wd33.fr\/en\/#website"},"primaryImageOfPage":{"@id":"https:\/\/ofjwp.wd33.fr\/en\/see-and-hear\/#primaryimage"},"image":{"@id":"https:\/\/ofjwp.wd33.fr\/en\/see-and-hear\/#primaryimage"},"thumbnailUrl":"https:\/\/ofjwp.wd33.fr\/wp-content\/uploads\/2025\/05\/Photos-site-.png","datePublished":"2023-09-20T14:52:07+00:00","dateModified":"2025-10-14T12:31:35+00:00","breadcrumb":{"@id":"https:\/\/ofjwp.wd33.fr\/en\/see-and-hear\/#breadcrumb"},"inLanguage":"en-US","potentialAction":[{"@type":"ReadAction","target":["https:\/\/ofjwp.wd33.fr\/en\/see-and-hear\/"]}]},{"@type":"ImageObject","inLanguage":"en-US","@id":"https:\/\/ofjwp.wd33.fr\/en\/see-and-hear\/#primaryimage","url":"https:\/\/ofjwp.wd33.fr\/wp-content\/uploads\/2025\/05\/Photos-site-.png","contentUrl":"https:\/\/ofjwp.wd33.fr\/wp-content\/uploads\/2025\/05\/Photos-site-.png","width":2000,"height":500},{"@type":"BreadcrumbList","@id":"https:\/\/ofjwp.wd33.fr\/en\/see-and-hear\/#breadcrumb","itemListElement":[{"@type":"ListItem","position":1,"name":"Accueil","item":"https:\/\/ofjwp.wd33.fr\/en\/accueil\/"},{"@type":"ListItem","position":2,"name":"See &#038; hear"}]},{"@type":"WebSite","@id":"https:\/\/ofjwp.wd33.fr\/en\/#website","url":"https:\/\/ofjwp.wd33.fr\/en\/","name":"OFJ","description":"","publisher":{"@id":"https:\/\/ofjwp.wd33.fr\/en\/#organization"},"potentialAction":[{"@type":"SearchAction","target":{"@type":"EntryPoint","urlTemplate":"https:\/\/ofjwp.wd33.fr\/en\/?s={search_term_string}"},"query-input":{"@type":"PropertyValueSpecification","valueRequired":true,"valueName":"search_term_string"}}],"inLanguage":"en-US"},{"@type":"Organization","@id":"https:\/\/ofjwp.wd33.fr\/en\/#organization","name":"Orchestre fran\u00e7ais des jeunes","alternateName":"OFJ","url":"https:\/\/ofjwp.wd33.fr\/en\/","logo":{"@type":"ImageObject","inLanguage":"en-US","@id":"https:\/\/ofjwp.wd33.fr\/en\/#\/schema\/logo\/image\/","url":"https:\/\/ofjwp.wd33.fr\/wp-content\/uploads\/2026\/01\/LOGO_OFJ_RVB.svg","contentUrl":"https:\/\/ofjwp.wd33.fr\/wp-content\/uploads\/2026\/01\/LOGO_OFJ_RVB.svg","caption":"Orchestre fran\u00e7ais des jeunes"},"image":{"@id":"https:\/\/ofjwp.wd33.fr\/en\/#\/schema\/logo\/image\/"},"sameAs":["https:\/\/www.facebook.com\/orchestrefrancaisdesjeunes","https:\/\/www.instagram.com\/orchestrefrancaisdesjeunes\/?hl=fr"]}]}},"_links":{"self":[{"href":"https:\/\/ofjwp.wd33.fr\/en\/wp-json\/wp\/v2\/pages\/1476","targetHints":{"allow":["GET"]}}],"collection":[{"href":"https:\/\/ofjwp.wd33.fr\/en\/wp-json\/wp\/v2\/pages"}],"about":[{"href":"https:\/\/ofjwp.wd33.fr\/en\/wp-json\/wp\/v2\/types\/page"}],"author":[{"embeddable":true,"href":"https:\/\/ofjwp.wd33.fr\/en\/wp-json\/wp\/v2\/users\/1"}],"replies":[{"embeddable":true,"href":"https:\/\/ofjwp.wd33.fr\/en\/wp-json\/wp\/v2\/comments?post=1476"}],"version-history":[{"count":9,"href":"https:\/\/ofjwp.wd33.fr\/en\/wp-json\/wp\/v2\/pages\/1476\/revisions"}],"predecessor-version":[{"id":5685,"href":"https:\/\/ofjwp.wd33.fr\/en\/wp-json\/wp\/v2\/pages\/1476\/revisions\/5685"}],"wp:featuredmedia":[{"embeddable":true,"href":"https:\/\/ofjwp.wd33.fr\/en\/wp-json\/wp\/v2\/media\/4329"}],"wp:attachment":[{"href":"https:\/\/ofjwp.wd33.fr\/en\/wp-json\/wp\/v2\/media?parent=1476"}],"curies":[{"name":"wp","href":"https:\/\/api.w.org\/{rel}","templated":true}]}}